{"id":14,"date":"2024-01-15T16:45:42","date_gmt":"2024-01-15T15:45:42","guid":{"rendered":"https:\/\/albagrupo.es\/?page_id=14"},"modified":"2024-01-24T21:30:16","modified_gmt":"2024-01-24T20:30:16","slug":"quienes-somos","status":"publish","type":"page","link":"https:\/\/albagrupo.es\/en\/quienes-somos\/","title":{"rendered":"About us"},"content":{"rendered":"<p>Albagrupo 2015 S.L. It was created in January 2015 with the purpose of managing properties, rural or urban, owned or owned by third parties, maximizing the benefit obtained for both parties. <\/p>\n\n\n\n<figure class=\"wp-block-image size-large\"><img loading=\"lazy\" decoding=\"async\" width=\"1024\" height=\"683\" src=\"https:\/\/albagrupo.es\/wp-content\/uploads\/2024\/01\/cebollas-1024x683.jpg\" alt=\"Campo de cebollas\" class=\"wp-image-35\" srcset=\"https:\/\/albagrupo.es\/wp-content\/uploads\/2024\/01\/cebollas-1024x683.jpg 1024w, https:\/\/albagrupo.es\/wp-content\/uploads\/2024\/01\/cebollas-300x200.jpg 300w, https:\/\/albagrupo.es\/wp-content\/uploads\/2024\/01\/cebollas-768x512.jpg 768w, https:\/\/albagrupo.es\/wp-content\/uploads\/2024\/01\/cebollas-1536x1024.jpg 1536w, https:\/\/albagrupo.es\/wp-content\/uploads\/2024\/01\/cebollas.jpg 1920w\" sizes=\"auto, (max-width: 1024px) 100vw, 1024px\" \/><\/figure>\n\n\n\n<p>In these years we have specialized in the management of rural properties for the cultivation of vines, garlic, onions, and other legumes. We get the best deal for both the property owner and the tenant.<\/p>","protected":false},"excerpt":{"rendered":"<p>Albagrupo 2015 S.L. se crea en el mes de enero de 2015 con la finalidad de gestionar fincas, r\u00fasticas o urbanas, propias o de terceros maximizando el beneficio obtenido para ambas partes. En estos a\u00f1os nos hemos especializado en la gesti\u00f3n de fincas r\u00fasticas para el cultivo de vid, ajos, cebollas, y otras legumbres. Conseguimos [&hellip;]<\/p>","protected":false},"author":1,"featured_media":0,"parent":0,"menu_order":0,"comment_status":"closed","ping_status":"closed","template":"","meta":{"_coblocks_attr":"","_coblocks_dimensions":"","_coblocks_responsive_height":"","_coblocks_accordion_ie_support":"","footnotes":""},"class_list":["post-14","page","type-page","status-publish","hentry"],"_links":{"self":[{"href":"https:\/\/albagrupo.es\/en\/wp-json\/wp\/v2\/pages\/14","targetHints":{"allow":["GET"]}}],"collection":[{"href":"https:\/\/albagrupo.es\/en\/wp-json\/wp\/v2\/pages"}],"about":[{"href":"https:\/\/albagrupo.es\/en\/wp-json\/wp\/v2\/types\/page"}],"author":[{"embeddable":true,"href":"https:\/\/albagrupo.es\/en\/wp-json\/wp\/v2\/users\/1"}],"replies":[{"embeddable":true,"href":"https:\/\/albagrupo.es\/en\/wp-json\/wp\/v2\/comments?post=14"}],"version-history":[{"count":3,"href":"https:\/\/albagrupo.es\/en\/wp-json\/wp\/v2\/pages\/14\/revisions"}],"predecessor-version":[{"id":80,"href":"https:\/\/albagrupo.es\/en\/wp-json\/wp\/v2\/pages\/14\/revisions\/80"}],"wp:attachment":[{"href":"https:\/\/albagrupo.es\/en\/wp-json\/wp\/v2\/media?parent=14"}],"curies":[{"name":"wp","href":"https:\/\/api.w.org\/{rel}","templated":true}]}}